{"id":6,"date":"2019-03-04T14:21:05","date_gmt":"2019-03-04T13:21:05","guid":{"rendered":"https:\/\/vtcmarseillevan.fr\/?page_id=6"},"modified":"2026-02-24T15:45:10","modified_gmt":"2026-02-24T14:45:10","slug":"mentions-legales","status":"publish","type":"page","link":"https:\/\/vtcmarseillevan.fr\/en\/mentions-legales\/","title":{"rendered":"Mentions L\u00e9gales"},"content":{"rendered":"<div data-elementor-type=\"wp-post\" data-elementor-id=\"6\" class=\"elementor elementor-6\" data-elementor-post-type=\"page\">\n\t\t\t\t\t\t<section class=\"elementor-section elementor-top-section elementor-element elementor-element-67e8ba5f elementor-section-boxed elementor-section-height-default elementor-section-height-default\" data-id=\"67e8ba5f\" data-element_type=\"section\" data-e-type=\"section\" data-settings=\"{&quot;background_background&quot;:&quot;classic&quot;}\">\n\t\t\t\t\t\t<div class=\"elementor-container elementor-column-gap-default\">\n\t\t\t\t\t<div class=\"elementor-column elementor-col-100 elementor-top-column elementor-element elementor-element-5ec537e\" data-id=\"5ec537e\" data-element_type=\"column\" data-e-type=\"column\">\n\t\t\t<div class=\"elementor-widget-wrap elementor-element-populated\">\n\t\t\t\t\t\t<div class=\"elementor-element elementor-element-291a2eff elementor-widget elementor-widget-text-editor\" data-id=\"291a2eff\" data-element_type=\"widget\" data-e-type=\"widget\" data-widget_type=\"text-editor.default\">\n\t\t\t\t<div class=\"elementor-widget-container\">\n\t\t\t\t\t\t\t\t\t<p><b>Le site de vtcmarseillevan.fr est \u00e9dit\u00e9 par :<\/b><\/p><p>WebAudit France<br \/>6 avenue Jean Jaur\u00e8s, 73000 Chamb\u00e9ry<br \/>SARL au capital de 600\u20ac<br \/>RCS Chamb\u00e9ry 823 628 698<br \/>contact(@)webaudit.fr<\/p><p><b>Le site de vtcmarseillevan.fr est \u00e9dit\u00e9 pour :<\/b><\/p><p>Raison sociale\u202f: Europ\u00e9en Transports &amp; Services<br \/>Nom commercial\u202f: VTC Marseille Van<br \/>Adresse\u202f: 37 boulevard thiers 13015 Marseille<br \/>SIRET\u202f: 91258551000015<br \/>Num\u00e9ro de TVA\u202f: FR24912585510<br \/>Capital social\u202f: 100\u20ac<br \/>T\u00e9l\u00e9phone : 06 27 45 88 54<br \/>Directeur de publication\u202f: Rachid\u202fBareche<\/p><p>Le site internet de votre VTC \u00e0 Marseille a \u00e9t\u00e9 r\u00e9alis\u00e9 par l\u2019\u00e9quipe de Webaudit France, sp\u00e9cialiste de la r\u00e9alisation de <a href=\"https:\/\/www.webaudit.fr\/vtc\">site Web pour chauffeur VTC<\/a> avec r\u00e9f\u00e9rencement naturel.<\/p><p>Retrouvez sur\u00a0<a href=\"https:\/\/annuaire-vtc-france.fr\/\">annuaire-vtc-france.fr<\/a>\u00a0l\u2019ensemble des\u00a0<a href=\"https:\/\/annuaire-vtc-france.fr\/vtc-13-bouches-du-rhone\/\">Chauffeurs VTC dans les Bouches-du-Rh\u00f4ne.<\/a><\/p><p><b>H\u00e9bergeur :<\/b><\/p><p>Infomaniak Network SA<br \/>Rue Eug\u00e8ne Marziano 25<br \/>1227 Les Acacias (GE)<br \/>Registre du commerce du canton de Gen\u00e8ve : CH-660.0.059.996-1<br \/>Num\u00e9ro IDE : CHE-103.167.648<br \/>Num\u00e9ro TVA : CHE-103.167.648<\/p><p><b>R\u00e9glementation RGPD, Protection des Donn\u00e9es et Utilisation des Cookies :<\/b><\/p><p>Conform\u00e9ment aux exigences du R\u00e8glement G\u00e9n\u00e9ral sur la Protection des Donn\u00e9es (RGPD), nous nous engageons \u00e0 la transparence et \u00e0 la protection de vos donn\u00e9es personnelles. Pour une compr\u00e9hension claire de la mani\u00e8re dont nous recueillons, utilisons, prot\u00e9geons vos donn\u00e9es, ainsi que de notre utilisation des cookies pour am\u00e9liorer votre exp\u00e9rience sur notre site, nous vous invitons \u00e0 consulter notre <a href=\"#gdpr_cookie_modal\"><u>Centre d&rsquo;Informations RGPD et Cookies<\/u><\/a>.<\/p><p>En cliquant sur ce lien, vous aurez acc\u00e8s \u00e0 notre D\u00e9claration de Confidentialit\u00e9 et \u00e0 notre Politique de Cookies d\u00e9taillant nos pratiques en mati\u00e8re de protection des donn\u00e9es et d&rsquo;utilisation des cookies, ainsi que vos droits et choix concernant ces informations.<\/p><p><strong>Propri\u00e9t\u00e9 intellectuelle<\/strong><\/p><p>Tout le contenu du pr\u00e9sent site incluant, de fa\u00e7on non limitative, les graphismes, images, textes, vid\u00e9os, animations, sons, logos, gifs et ic\u00f4nes ainsi que leur mise en forme sont la propri\u00e9t\u00e9 exclusive de la soci\u00e9t\u00e9 WEBAUDIT FRANCE SARL \u00e0 l\u2019exception des marques, logos ou contenus appartenant \u00e0 d\u2019autres soci\u00e9t\u00e9s partenaires ou auteurs.<br \/>Toute reproduction, distribution, modification, adaptation, retransmission ou publication, m\u00eame partielle, de ces diff\u00e9rents \u00e9l\u00e9ments est strictement interdite sans l\u2019accord expr\u00e8s par \u00e9crit de WEBAUDIT FRANCE SARL. Cette repr\u00e9sentation ou reproduction, par quelque proc\u00e9d\u00e9 que ce soit, constitue une contrefa\u00e7on sanctionn\u00e9e par les articles L.335-2 et suivants du Code de la propri\u00e9t\u00e9 intellectuelle. Le non-respect de cette interdiction constitue une contrefa\u00e7on pouvant engager la responsabilit\u00e9 civile et p\u00e9nale du contrefacteur. En outre, les propri\u00e9taires des Contenus copi\u00e9s pourraient intenter une action en justice \u00e0 leur encontre.<\/p>\t\t\t\t\t\t\t\t<\/div>\n\t\t\t\t<\/div>\n\t\t\t\t\t<\/div>\n\t\t<\/div>\n\t\t\t\t\t<\/div>\n\t\t<\/section>\n\t\t\t\t<\/div>","protected":false},"excerpt":{"rendered":"<p>Le site de vtcmarseillevan.fr est \u00e9dit\u00e9 par : WebAudit France6 avenue Jean Jaur\u00e8s, 73000 Chamb\u00e9rySARL au capital de 600\u20acRCS Chamb\u00e9ry 823 628 698contact(@)webaudit.fr Le site de vtcmarseillevan.fr est \u00e9dit\u00e9 pour : Raison sociale\u202f: Europ\u00e9en Transports &amp; ServicesNom commercial\u202f: VTC Marseille VanAdresse\u202f: 37 boulevard thiers 13015 MarseilleSIRET\u202f: 91258551000015Num\u00e9ro de TVA\u202f: FR24912585510Capital social\u202f: 100\u20acT\u00e9l\u00e9phone : 06 27 [&hellip;]<\/p>\n","protected":false},"author":2,"featured_media":0,"parent":0,"menu_order":0,"comment_status":"closed","ping_status":"closed","template":"elementor_header_footer","meta":{"footnotes":""},"class_list":["post-6","page","type-page","status-publish","hentry"],"yoast_head":"<!-- This site is optimized with the Yoast SEO plugin v27.3 - https:\/\/yoast.com\/product\/yoast-seo-wordpress\/ -->\n<title>Mentions L\u00e9gales - VTC Marseille Van<\/title>\n<meta name=\"robots\" content=\"index, follow, max-snippet:-1, max-image-preview:large, max-video-preview:-1\" \/>\n<link rel=\"canonical\" href=\"https:\/\/vtcmarseillevan.fr\/en\/mentions-legales\/\" \/>\n<meta name=\"twitter:label1\" content=\"Est. reading time\" \/>\n\t<meta name=\"twitter:data1\" content=\"3 minutes\" \/>\n<script type=\"application\/ld+json\" class=\"yoast-schema-graph\">{\"@context\":\"https:\\\/\\\/schema.org\",\"@graph\":[{\"@type\":\"WebPage\",\"@id\":\"https:\\\/\\\/vtcmarseillevan.fr\\\/mentions-legales\\\/\",\"url\":\"https:\\\/\\\/vtcmarseillevan.fr\\\/mentions-legales\\\/\",\"name\":\"Mentions L\u00e9gales - VTC Marseille Van\",\"isPartOf\":{\"@id\":\"https:\\\/\\\/vtcmarseillevan.fr\\\/#website\"},\"datePublished\":\"2019-03-04T13:21:05+00:00\",\"dateModified\":\"2026-02-24T14:45:10+00:00\",\"breadcrumb\":{\"@id\":\"https:\\\/\\\/vtcmarseillevan.fr\\\/mentions-legales\\\/#breadcrumb\"},\"inLanguage\":\"en-US\",\"potentialAction\":[{\"@type\":\"ReadAction\",\"target\":[\"https:\\\/\\\/vtcmarseillevan.fr\\\/mentions-legales\\\/\"]}]},{\"@type\":\"BreadcrumbList\",\"@id\":\"https:\\\/\\\/vtcmarseillevan.fr\\\/mentions-legales\\\/#breadcrumb\",\"itemListElement\":[{\"@type\":\"ListItem\",\"position\":1,\"name\":\"Accueil\",\"item\":\"https:\\\/\\\/vtcmarseillevan.fr\\\/\"},{\"@type\":\"ListItem\",\"position\":2,\"name\":\"Mentions L\u00e9gales\"}]},{\"@type\":\"WebSite\",\"@id\":\"https:\\\/\\\/vtcmarseillevan.fr\\\/#website\",\"url\":\"https:\\\/\\\/vtcmarseillevan.fr\\\/\",\"name\":\"VTC Marseille Van\",\"description\":\"R\u00e9server VTC \u00e0 Marseille avec v\u00e9hicule Van pour transport de groupe de 1 \u00e0 8 passagers\",\"publisher\":{\"@id\":\"https:\\\/\\\/vtcmarseillevan.fr\\\/#organization\"},\"potentialAction\":[{\"@type\":\"SearchAction\",\"target\":{\"@type\":\"EntryPoint\",\"urlTemplate\":\"https:\\\/\\\/vtcmarseillevan.fr\\\/?s={search_term_string}\"},\"query-input\":{\"@type\":\"PropertyValueSpecification\",\"valueRequired\":true,\"valueName\":\"search_term_string\"}}],\"inLanguage\":\"en-US\"},{\"@type\":\"Organization\",\"@id\":\"https:\\\/\\\/vtcmarseillevan.fr\\\/#organization\",\"name\":\"VTC Marseille Van\",\"url\":\"https:\\\/\\\/vtcmarseillevan.fr\\\/\",\"logo\":{\"@type\":\"ImageObject\",\"inLanguage\":\"en-US\",\"@id\":\"https:\\\/\\\/vtcmarseillevan.fr\\\/#\\\/schema\\\/logo\\\/image\\\/\",\"url\":\"https:\\\/\\\/vtcmarseillevan.fr\\\/wp-content\\\/uploads\\\/2023\\\/06\\\/cropped-logo-chauffeur-van-marseille-white.webp\",\"contentUrl\":\"https:\\\/\\\/vtcmarseillevan.fr\\\/wp-content\\\/uploads\\\/2023\\\/06\\\/cropped-logo-chauffeur-van-marseille-white.webp\",\"width\":500,\"height\":442,\"caption\":\"VTC Marseille Van\"},\"image\":{\"@id\":\"https:\\\/\\\/vtcmarseillevan.fr\\\/#\\\/schema\\\/logo\\\/image\\\/\"}}]}<\/script>\n<!-- \/ Yoast SEO plugin. -->","yoast_head_json":{"title":"Mentions L\u00e9gales - VTC Marseille Van","robots":{"index":"index","follow":"follow","max-snippet":"max-snippet:-1","max-image-preview":"max-image-preview:large","max-video-preview":"max-video-preview:-1"},"canonical":"https:\/\/vtcmarseillevan.fr\/en\/mentions-legales\/","twitter_misc":{"Est. reading time":"3 minutes"},"schema":{"@context":"https:\/\/schema.org","@graph":[{"@type":"WebPage","@id":"https:\/\/vtcmarseillevan.fr\/mentions-legales\/","url":"https:\/\/vtcmarseillevan.fr\/mentions-legales\/","name":"Mentions L\u00e9gales - VTC Marseille Van","isPartOf":{"@id":"https:\/\/vtcmarseillevan.fr\/#website"},"datePublished":"2019-03-04T13:21:05+00:00","dateModified":"2026-02-24T14:45:10+00:00","breadcrumb":{"@id":"https:\/\/vtcmarseillevan.fr\/mentions-legales\/#breadcrumb"},"inLanguage":"en-US","potentialAction":[{"@type":"ReadAction","target":["https:\/\/vtcmarseillevan.fr\/mentions-legales\/"]}]},{"@type":"BreadcrumbList","@id":"https:\/\/vtcmarseillevan.fr\/mentions-legales\/#breadcrumb","itemListElement":[{"@type":"ListItem","position":1,"name":"Accueil","item":"https:\/\/vtcmarseillevan.fr\/"},{"@type":"ListItem","position":2,"name":"Mentions L\u00e9gales"}]},{"@type":"WebSite","@id":"https:\/\/vtcmarseillevan.fr\/#website","url":"https:\/\/vtcmarseillevan.fr\/","name":"VTC Marseille Van","description":"Book a private car service in Marseille with a van for group transport of 1 to 8 passengers","publisher":{"@id":"https:\/\/vtcmarseillevan.fr\/#organization"},"potentialAction":[{"@type":"SearchAction","target":{"@type":"EntryPoint","urlTemplate":"https:\/\/vtcmarseillevan.fr\/?s={search_term_string}"},"query-input":{"@type":"PropertyValueSpecification","valueRequired":true,"valueName":"search_term_string"}}],"inLanguage":"en-US"},{"@type":"Organization","@id":"https:\/\/vtcmarseillevan.fr\/#organization","name":"VTC Marseille Van","url":"https:\/\/vtcmarseillevan.fr\/","logo":{"@type":"ImageObject","inLanguage":"en-US","@id":"https:\/\/vtcmarseillevan.fr\/#\/schema\/logo\/image\/","url":"https:\/\/vtcmarseillevan.fr\/wp-content\/uploads\/2023\/06\/cropped-logo-chauffeur-van-marseille-white.webp","contentUrl":"https:\/\/vtcmarseillevan.fr\/wp-content\/uploads\/2023\/06\/cropped-logo-chauffeur-van-marseille-white.webp","width":500,"height":442,"caption":"VTC Marseille Van"},"image":{"@id":"https:\/\/vtcmarseillevan.fr\/#\/schema\/logo\/image\/"}}]}},"_links":{"self":[{"href":"https:\/\/vtcmarseillevan.fr\/en\/wp-json\/wp\/v2\/pages\/6","targetHints":{"allow":["GET"]}}],"collection":[{"href":"https:\/\/vtcmarseillevan.fr\/en\/wp-json\/wp\/v2\/pages"}],"about":[{"href":"https:\/\/vtcmarseillevan.fr\/en\/wp-json\/wp\/v2\/types\/page"}],"author":[{"embeddable":true,"href":"https:\/\/vtcmarseillevan.fr\/en\/wp-json\/wp\/v2\/users\/2"}],"replies":[{"embeddable":true,"href":"https:\/\/vtcmarseillevan.fr\/en\/wp-json\/wp\/v2\/comments?post=6"}],"version-history":[{"count":6,"href":"https:\/\/vtcmarseillevan.fr\/en\/wp-json\/wp\/v2\/pages\/6\/revisions"}],"predecessor-version":[{"id":4693,"href":"https:\/\/vtcmarseillevan.fr\/en\/wp-json\/wp\/v2\/pages\/6\/revisions\/4693"}],"wp:attachment":[{"href":"https:\/\/vtcmarseillevan.fr\/en\/wp-json\/wp\/v2\/media?parent=6"}],"curies":[{"name":"wp","href":"https:\/\/api.w.org\/{rel}","templated":true}]}}