{"id":2591,"date":"2021-03-18T09:19:12","date_gmt":"2021-03-18T08:19:12","guid":{"rendered":"https:\/\/vtcmarseillevan.fr\/?page_id=2591"},"modified":"2025-10-27T11:02:13","modified_gmt":"2025-10-27T10:02:13","slug":"book-a-private-car-service-van-in-marseille","status":"publish","type":"page","link":"https:\/\/vtcmarseillevan.fr\/en\/reserver-van-vtc-marseille\/","title":{"rendered":"Book a private van in Marseille"},"content":{"rendered":"\t\t<div data-elementor-type=\"wp-page\" data-elementor-id=\"2591\" class=\"elementor elementor-2591\" data-elementor-post-type=\"page\">\n\t\t\t\t\t\t<section class=\"elementor-section elementor-top-section elementor-element elementor-element-19902a1d elementor-section-height-min-height elementor-reverse-mobile elementor-section-boxed elementor-section-height-default elementor-section-items-middle\" data-id=\"19902a1d\" data-element_type=\"section\" data-e-type=\"section\" data-settings=\"{&quot;background_background&quot;:&quot;classic&quot;}\">\n\t\t\t\t\t\t<div class=\"elementor-container elementor-column-gap-wider\">\n\t\t\t\t\t<div class=\"elementor-column elementor-col-50 elementor-top-column elementor-element elementor-element-42f63fd\" data-id=\"42f63fd\" data-element_type=\"column\" data-e-type=\"column\">\n\t\t\t<div class=\"elementor-widget-wrap elementor-element-populated\">\n\t\t\t\t\t<div class=\"elementor-background-overlay\"><\/div>\n\t\t\t\t\t\t<div class=\"elementor-element elementor-element-679c13fa elementor-widget elementor-widget-spacer\" data-id=\"679c13fa\" data-element_type=\"widget\" data-e-type=\"widget\" data-widget_type=\"spacer.default\">\n\t\t\t\t<div class=\"elementor-widget-container\">\n\t\t\t\t\t\t\t<div class=\"elementor-spacer\">\n\t\t\t<div class=\"elementor-spacer-inner\"><\/div>\n\t\t<\/div>\n\t\t\t\t\t\t<\/div>\n\t\t\t\t<\/div>\n\t\t\t\t<div class=\"elementor-element elementor-element-3bb7cd6 elementor-widget elementor-widget-heading\" data-id=\"3bb7cd6\" data-element_type=\"widget\" data-e-type=\"widget\" data-widget_type=\"heading.default\">\n\t\t\t\t<div class=\"elementor-widget-container\">\n\t\t\t\t\t<div class=\"elementor-heading-title elementor-size-default\">VAN VTC MARSEILLE<\/div>\t\t\t\t<\/div>\n\t\t\t\t<\/div>\n\t\t\t\t<div class=\"elementor-element elementor-element-6f49e34b elementor-widget elementor-widget-heading\" data-id=\"6f49e34b\" data-element_type=\"widget\" data-e-type=\"widget\" data-widget_type=\"heading.default\">\n\t\t\t\t<div class=\"elementor-widget-container\">\n\t\t\t\t\t<h1 class=\"elementor-heading-title elementor-size-xl\">Commandez un chauffeur VTC \u00e0 Marseille<\/h1>\t\t\t\t<\/div>\n\t\t\t\t<\/div>\n\t\t\t\t<section class=\"elementor-section elementor-inner-section elementor-element elementor-element-476b3d19 elementor-section-boxed elementor-section-height-default elementor-section-height-default\" data-id=\"476b3d19\" data-element_type=\"section\" data-e-type=\"section\">\n\t\t\t\t\t\t<div class=\"elementor-container elementor-column-gap-default\">\n\t\t\t\t\t<div class=\"elementor-column elementor-col-100 elementor-inner-column elementor-element elementor-element-de16dac\" data-id=\"de16dac\" data-element_type=\"column\" data-e-type=\"column\">\n\t\t\t<div class=\"elementor-widget-wrap elementor-element-populated\">\n\t\t\t\t\t\t<div class=\"elementor-element elementor-element-17a250c2 elementor-widget elementor-widget-heading\" data-id=\"17a250c2\" data-element_type=\"widget\" data-e-type=\"widget\" data-widget_type=\"heading.default\">\n\t\t\t\t<div class=\"elementor-widget-container\">\n\t\t\t\t\t<h2 class=\"elementor-heading-title elementor-size-large\">Contactez-nous ou demandez un devis en ligne<\/h2>\t\t\t\t<\/div>\n\t\t\t\t<\/div>\n\t\t\t\t\t<\/div>\n\t\t<\/div>\n\t\t\t\t\t<\/div>\n\t\t<\/section>\n\t\t\t\t<section class=\"elementor-section elementor-inner-section elementor-element elementor-element-10a7a7f0 elementor-section-boxed elementor-section-height-default elementor-section-height-default\" data-id=\"10a7a7f0\" data-element_type=\"section\" data-e-type=\"section\">\n\t\t\t\t\t\t<div class=\"elementor-container elementor-column-gap-default\">\n\t\t\t\t\t<div class=\"elementor-column elementor-col-100 elementor-inner-column elementor-element elementor-element-39fab300\" data-id=\"39fab300\" data-element_type=\"column\" data-e-type=\"column\">\n\t\t\t<div class=\"elementor-widget-wrap elementor-element-populated\">\n\t\t\t\t\t\t<div class=\"elementor-element elementor-element-397729 elementor-widget__width-auto elementor-widget elementor-widget-button\" data-id=\"397729\" data-element_type=\"widget\" data-e-type=\"widget\" data-widget_type=\"button.default\">\n\t\t\t\t<div class=\"elementor-widget-container\">\n\t\t\t\t\t\t\t\t\t<div class=\"elementor-button-wrapper\">\n\t\t\t\t\t<a class=\"elementor-button elementor-button-link elementor-size-sm\" href=\"#formulaire-contact\">\n\t\t\t\t\t\t<span class=\"elementor-button-content-wrapper\">\n\t\t\t\t\t\t\t\t\t<span class=\"elementor-button-text\">Formulaire de contact<\/span>\n\t\t\t\t\t<\/span>\n\t\t\t\t\t<\/a>\n\t\t\t\t<\/div>\n\t\t\t\t\t\t\t\t<\/div>\n\t\t\t\t<\/div>\n\t\t\t\t<div class=\"elementor-element elementor-element-fbc9f97 elementor-widget__width-auto elementor-widget elementor-widget-button\" data-id=\"fbc9f97\" data-element_type=\"widget\" data-e-type=\"widget\" data-widget_type=\"button.default\">\n\t\t\t\t<div class=\"elementor-widget-container\">\n\t\t\t\t\t\t\t\t\t<div class=\"elementor-button-wrapper\">\n\t\t\t\t\t<a class=\"elementor-button elementor-button-link elementor-size-sm\" href=\"tel:+33627458854\">\n\t\t\t\t\t\t<span class=\"elementor-button-content-wrapper\">\n\t\t\t\t\t\t\t\t\t<span class=\"elementor-button-text\">06 27 45 88 54<\/span>\n\t\t\t\t\t<\/span>\n\t\t\t\t\t<\/a>\n\t\t\t\t<\/div>\n\t\t\t\t\t\t\t\t<\/div>\n\t\t\t\t<\/div>\n\t\t\t\t\t<\/div>\n\t\t<\/div>\n\t\t\t\t\t<\/div>\n\t\t<\/section>\n\t\t\t\t\t<\/div>\n\t\t<\/div>\n\t\t\t\t<div class=\"elementor-column elementor-col-50 elementor-top-column elementor-element elementor-element-fe3ad38\" data-id=\"fe3ad38\" data-element_type=\"column\" data-e-type=\"column\" data-settings=\"{&quot;background_background&quot;:&quot;classic&quot;}\">\n\t\t\t<div class=\"elementor-widget-wrap elementor-element-populated\">\n\t\t\t\t\t\t<div class=\"elementor-element elementor-element-0984284 elementor-widget elementor-widget-menu-anchor\" data-id=\"0984284\" data-element_type=\"widget\" data-e-type=\"widget\" data-widget_type=\"menu-anchor.default\">\n\t\t\t\t<div class=\"elementor-widget-container\">\n\t\t\t\t\t\t\t<div class=\"elementor-menu-anchor\" id=\"formulaire-contact\"><\/div>\n\t\t\t\t\t\t<\/div>\n\t\t\t\t<\/div>\n\t\t\t\t<div class=\"elementor-element elementor-element-a0dbc64 elementor-widget elementor-widget-heading\" data-id=\"a0dbc64\" data-element_type=\"widget\" data-e-type=\"widget\" data-widget_type=\"heading.default\">\n\t\t\t\t<div class=\"elementor-widget-container\">\n\t\t\t\t\t<span class=\"elementor-heading-title elementor-size-large\">Formulaire de contact<\/span>\t\t\t\t<\/div>\n\t\t\t\t<\/div>\n\t\t\t\t<div class=\"elementor-element elementor-element-c6abe75 elementor-button-align-stretch elementor-widget elementor-widget-form\" data-id=\"c6abe75\" data-element_type=\"widget\" data-e-type=\"widget\" data-settings=\"{&quot;step_next_label&quot;:&quot;Suivant&quot;,&quot;step_previous_label&quot;:&quot;Pr\\u00e9c\\u00e9dent&quot;,&quot;button_width&quot;:&quot;100&quot;,&quot;step_type&quot;:&quot;number_text&quot;,&quot;step_icon_shape&quot;:&quot;circle&quot;}\" data-widget_type=\"form.default\">\n\t\t\t\t<div class=\"elementor-widget-container\">\n\t\t\t\t\t\t\t<form class=\"elementor-form\" method=\"post\" name=\"Formulaire\" aria-label=\"Formulaire\">\n\t\t\t<input type=\"hidden\" name=\"post_id\" value=\"2591\"\/>\n\t\t\t<input type=\"hidden\" name=\"form_id\" value=\"c6abe75\"\/>\n\t\t\t<input type=\"hidden\" name=\"referer_title\" value=\"Commander Contacter R\u00e9server Chauffeur VTC \u00e0 Marseille en Van\" \/>\n\n\t\t\t\t\t\t\t<input type=\"hidden\" name=\"queried_id\" value=\"2591\"\/>\n\t\t\t\n\t\t\t<div class=\"elementor-form-fields-wrapper elementor-labels-above\">\n\t\t\t\t\t\t\t\t<div class=\"elementor-field-type-text elementor-field-group elementor-column elementor-field-group-name elementor-col-50 elementor-field-required\">\n\t\t\t\t\t\t\t\t\t\t\t\t<label for=\"form-field-name\" class=\"elementor-field-label\">\n\t\t\t\t\t\t\t\tNom\t\t\t\t\t\t\t<\/label>\n\t\t\t\t\t\t\t\t\t\t\t\t\t\t<input size=\"1\" type=\"text\" name=\"form_fields[name]\" id=\"form-field-name\" class=\"elementor-field elementor-size-sm  elementor-field-textual\" placeholder=\"Nom\" required=\"required\">\n\t\t\t\t\t\t\t\t\t\t\t<\/div>\n\t\t\t\t\t\t\t\t<div class=\"elementor-field-type-text elementor-field-group elementor-column elementor-field-group-field_26cf04a elementor-col-50 elementor-field-required\">\n\t\t\t\t\t\t\t\t\t\t\t\t<label for=\"form-field-field_26cf04a\" class=\"elementor-field-label\">\n\t\t\t\t\t\t\t\tPr\u00e9nom\t\t\t\t\t\t\t<\/label>\n\t\t\t\t\t\t\t\t\t\t\t\t\t\t<input size=\"1\" type=\"text\" name=\"form_fields[field_26cf04a]\" id=\"form-field-field_26cf04a\" class=\"elementor-field elementor-size-sm  elementor-field-textual\" placeholder=\"Pr\u00e9nom\" required=\"required\">\n\t\t\t\t\t\t\t\t\t\t\t<\/div>\n\t\t\t\t\t\t\t\t<div class=\"elementor-field-type-email elementor-field-group elementor-column elementor-field-group-email elementor-col-50 elementor-field-required\">\n\t\t\t\t\t\t\t\t\t\t\t\t<label for=\"form-field-email\" class=\"elementor-field-label\">\n\t\t\t\t\t\t\t\tE-mail\t\t\t\t\t\t\t<\/label>\n\t\t\t\t\t\t\t\t\t\t\t\t\t\t<input size=\"1\" type=\"email\" name=\"form_fields[email]\" id=\"form-field-email\" class=\"elementor-field elementor-size-sm  elementor-field-textual\" placeholder=\"E-mail\" required=\"required\">\n\t\t\t\t\t\t\t\t\t\t\t<\/div>\n\t\t\t\t\t\t\t\t<div class=\"elementor-field-type-tel elementor-field-group elementor-column elementor-field-group-field_b93a30d elementor-col-50 elementor-field-required\">\n\t\t\t\t\t\t\t\t\t\t\t\t<label for=\"form-field-field_b93a30d\" class=\"elementor-field-label\">\n\t\t\t\t\t\t\t\tT\u00e9l\u00e9phone\t\t\t\t\t\t\t<\/label>\n\t\t\t\t\t\t\t\t<input size=\"1\" type=\"tel\" name=\"form_fields[field_b93a30d]\" id=\"form-field-field_b93a30d\" class=\"elementor-field elementor-size-sm  elementor-field-textual\" placeholder=\"T\u00e9l\u00e9phone\" required=\"required\" pattern=\"[0-9()#&amp;+*-=.]+\" title=\"Only numbers and phone characters (#, -, *, etc) are accepted.\">\n\n\t\t\t\t\t\t<\/div>\n\t\t\t\t\t\t\t\t<div class=\"elementor-field-type-textarea elementor-field-group elementor-column elementor-field-group-message elementor-col-100 elementor-field-required\">\n\t\t\t\t\t\t\t\t\t\t\t\t<label for=\"form-field-message\" class=\"elementor-field-label\">\n\t\t\t\t\t\t\t\tMessage\t\t\t\t\t\t\t<\/label>\n\t\t\t\t\t\t<textarea class=\"elementor-field-textual elementor-field  elementor-size-sm\" name=\"form_fields[message]\" id=\"form-field-message\" rows=\"4\" placeholder=\"Message\" required=\"required\"><\/textarea>\t\t\t\t<\/div>\n\t\t\t\t\t\t\t\t<div class=\"elementor-field-type-recaptcha_v3 elementor-field-group elementor-column elementor-field-group-field_307972c elementor-col-100 recaptcha_v3-inline\">\n\t\t\t\t\t<div class=\"elementor-field\" id=\"form-field-field_307972c\"><div class=\"elementor-g-recaptcha\" data-sitekey=\"6Lc20rYlAAAAADHGfKjYy2s88U0geZklzUGIaKyd\" data-type=\"v3\" data-action=\"Form\" data-badge=\"inline\" data-size=\"invisible\"><\/div><\/div>\t\t\t\t<\/div>\n\t\t\t\t\t\t\t\t<div class=\"elementor-field-type-acceptance elementor-field-group elementor-column elementor-field-group-field_a756d75 elementor-col-100 elementor-field-required\">\n\t\t\t\t\t\t\t<div class=\"elementor-field-subgroup\">\n\t\t\t<span class=\"elementor-field-option\">\n\t\t\t\t<input type=\"checkbox\" name=\"form_fields[field_a756d75]\" id=\"form-field-field_a756d75\" class=\"elementor-field elementor-size-sm  elementor-acceptance-field\" required=\"required\">\n\t\t\t\t<label for=\"form-field-field_a756d75\">J'accepte que mes donn\u00e9es soient transmises \u00e0 l'\u00e9diteur de ce site pour traitement de la demande.<\/label>\t\t\t<\/span>\n\t\t<\/div>\n\t\t\t\t\t\t<\/div>\n\t\t\t\t\t\t\t\t<div class=\"elementor-field-group elementor-column elementor-field-type-submit elementor-col-100 e-form__buttons\">\n\t\t\t\t\t<button class=\"elementor-button elementor-size-sm\" type=\"submit\">\n\t\t\t\t\t\t<span class=\"elementor-button-content-wrapper\">\n\t\t\t\t\t\t\t\t\t\t\t\t\t\t\t\t\t\t\t\t\t\t<span class=\"elementor-button-text\">Envoyer<\/span>\n\t\t\t\t\t\t\t\t\t\t\t\t\t<\/span>\n\t\t\t\t\t<\/button>\n\t\t\t\t<\/div>\n\t\t\t<\/div>\n\t\t<\/form>\n\t\t\t\t\t\t<\/div>\n\t\t\t\t<\/div>\n\t\t\t\t\t<\/div>\n\t\t<\/div>\n\t\t\t\t\t<\/div>\n\t\t<\/section>\n\t\t\t\t<\/div>\n\t\t","protected":false},"excerpt":{"rendered":"<p>VAN VTC MARSEILLE Commandez un chauffeur VTC \u00e0 Marseille Contactez-nous ou demandez un devis en ligne Formulaire de contact 06 27 45 88 54 Formulaire de contact<\/p>","protected":false},"author":2,"featured_media":0,"parent":0,"menu_order":0,"comment_status":"closed","ping_status":"closed","template":"elementor_header_footer","meta":{"footnotes":""},"class_list":["post-2591","page","type-page","status-publish","hentry"],"yoast_head":"<!-- This site is optimized with the Yoast SEO plugin v27.3 - https:\/\/yoast.com\/product\/yoast-seo-wordpress\/ -->\n<title>Commander Contacter R\u00e9server Chauffeur VTC \u00e0 Marseille en Van<\/title>\n<meta name=\"description\" content=\"R\u00e9servez au meilleur prix un VTC \u00e0 Marseille en v\u00e9hicule Van de 1 \u00e0 8 passagers | Trajet toutes distances Marseille -&gt; France -&gt; Europe\" \/>\n<meta name=\"robots\" content=\"index, follow, max-snippet:-1, max-image-preview:large, max-video-preview:-1\" \/>\n<link rel=\"canonical\" href=\"https:\/\/vtcmarseillevan.fr\/en\/book-a-private-car-service-van-in-marseille\/\" \/>\n<meta name=\"twitter:label1\" content=\"Est. reading time\" \/>\n\t<meta name=\"twitter:data1\" content=\"1 minute\" \/>\n<script type=\"application\/ld+json\" class=\"yoast-schema-graph\">{\"@context\":\"https:\\\/\\\/schema.org\",\"@graph\":[{\"@type\":\"WebPage\",\"@id\":\"https:\\\/\\\/vtcmarseillevan.fr\\\/reserver-van-vtc-marseille\\\/\",\"url\":\"https:\\\/\\\/vtcmarseillevan.fr\\\/reserver-van-vtc-marseille\\\/\",\"name\":\"Commander Contacter R\u00e9server Chauffeur VTC \u00e0 Marseille en Van\",\"isPartOf\":{\"@id\":\"https:\\\/\\\/vtcmarseillevan.fr\\\/#website\"},\"datePublished\":\"2021-03-18T08:19:12+00:00\",\"dateModified\":\"2025-10-27T10:02:13+00:00\",\"description\":\"R\u00e9servez au meilleur prix un VTC \u00e0 Marseille en v\u00e9hicule Van de 1 \u00e0 8 passagers | Trajet toutes distances Marseille -> France -> Europe\",\"breadcrumb\":{\"@id\":\"https:\\\/\\\/vtcmarseillevan.fr\\\/reserver-van-vtc-marseille\\\/#breadcrumb\"},\"inLanguage\":\"en-US\",\"potentialAction\":[{\"@type\":\"ReadAction\",\"target\":[\"https:\\\/\\\/vtcmarseillevan.fr\\\/reserver-van-vtc-marseille\\\/\"]}]},{\"@type\":\"BreadcrumbList\",\"@id\":\"https:\\\/\\\/vtcmarseillevan.fr\\\/reserver-van-vtc-marseille\\\/#breadcrumb\",\"itemListElement\":[{\"@type\":\"ListItem\",\"position\":1,\"name\":\"Accueil\",\"item\":\"https:\\\/\\\/vtcmarseillevan.fr\\\/\"},{\"@type\":\"ListItem\",\"position\":2,\"name\":\"R\u00e9server un van VTC \u00e0 Marseille\"}]},{\"@type\":\"WebSite\",\"@id\":\"https:\\\/\\\/vtcmarseillevan.fr\\\/#website\",\"url\":\"https:\\\/\\\/vtcmarseillevan.fr\\\/\",\"name\":\"VTC Marseille Van\",\"description\":\"R\u00e9server VTC \u00e0 Marseille avec v\u00e9hicule Van pour transport de groupe de 1 \u00e0 8 passagers\",\"publisher\":{\"@id\":\"https:\\\/\\\/vtcmarseillevan.fr\\\/#organization\"},\"potentialAction\":[{\"@type\":\"SearchAction\",\"target\":{\"@type\":\"EntryPoint\",\"urlTemplate\":\"https:\\\/\\\/vtcmarseillevan.fr\\\/?s={search_term_string}\"},\"query-input\":{\"@type\":\"PropertyValueSpecification\",\"valueRequired\":true,\"valueName\":\"search_term_string\"}}],\"inLanguage\":\"en-US\"},{\"@type\":\"Organization\",\"@id\":\"https:\\\/\\\/vtcmarseillevan.fr\\\/#organization\",\"name\":\"VTC Marseille Van\",\"url\":\"https:\\\/\\\/vtcmarseillevan.fr\\\/\",\"logo\":{\"@type\":\"ImageObject\",\"inLanguage\":\"en-US\",\"@id\":\"https:\\\/\\\/vtcmarseillevan.fr\\\/#\\\/schema\\\/logo\\\/image\\\/\",\"url\":\"https:\\\/\\\/vtcmarseillevan.fr\\\/wp-content\\\/uploads\\\/2023\\\/06\\\/cropped-logo-chauffeur-van-marseille-white.webp\",\"contentUrl\":\"https:\\\/\\\/vtcmarseillevan.fr\\\/wp-content\\\/uploads\\\/2023\\\/06\\\/cropped-logo-chauffeur-van-marseille-white.webp\",\"width\":500,\"height\":442,\"caption\":\"VTC Marseille Van\"},\"image\":{\"@id\":\"https:\\\/\\\/vtcmarseillevan.fr\\\/#\\\/schema\\\/logo\\\/image\\\/\"}}]}<\/script>\n<!-- \/ Yoast SEO plugin. -->","yoast_head_json":{"title":"Order Contact Book Private Driver in Marseille by Van","description":"Book a private car service in Marseille at the best price in a van for 1 to 8 passengers | Travel all distances Marseille -&gt; France -&gt; Europe","robots":{"index":"index","follow":"follow","max-snippet":"max-snippet:-1","max-image-preview":"max-image-preview:large","max-video-preview":"max-video-preview:-1"},"canonical":"https:\/\/vtcmarseillevan.fr\/en\/book-a-private-car-service-van-in-marseille\/","twitter_misc":{"Est. reading time":"1 minute"},"schema":{"@context":"https:\/\/schema.org","@graph":[{"@type":"WebPage","@id":"https:\/\/vtcmarseillevan.fr\/reserver-van-vtc-marseille\/","url":"https:\/\/vtcmarseillevan.fr\/reserver-van-vtc-marseille\/","name":"Order Contact Book Private Driver in Marseille by Van","isPartOf":{"@id":"https:\/\/vtcmarseillevan.fr\/#website"},"datePublished":"2021-03-18T08:19:12+00:00","dateModified":"2025-10-27T10:02:13+00:00","description":"Book a private car service in Marseille at the best price in a van for 1 to 8 passengers | Travel all distances Marseille -&gt; France -&gt; Europe","breadcrumb":{"@id":"https:\/\/vtcmarseillevan.fr\/reserver-van-vtc-marseille\/#breadcrumb"},"inLanguage":"en-US","potentialAction":[{"@type":"ReadAction","target":["https:\/\/vtcmarseillevan.fr\/reserver-van-vtc-marseille\/"]}]},{"@type":"BreadcrumbList","@id":"https:\/\/vtcmarseillevan.fr\/reserver-van-vtc-marseille\/#breadcrumb","itemListElement":[{"@type":"ListItem","position":1,"name":"Accueil","item":"https:\/\/vtcmarseillevan.fr\/"},{"@type":"ListItem","position":2,"name":"R\u00e9server un van VTC \u00e0 Marseille"}]},{"@type":"WebSite","@id":"https:\/\/vtcmarseillevan.fr\/#website","url":"https:\/\/vtcmarseillevan.fr\/","name":"VTC Marseille Van","description":"Book a private car service in Marseille with a van for group transport of 1 to 8 passengers","publisher":{"@id":"https:\/\/vtcmarseillevan.fr\/#organization"},"potentialAction":[{"@type":"SearchAction","target":{"@type":"EntryPoint","urlTemplate":"https:\/\/vtcmarseillevan.fr\/?s={search_term_string}"},"query-input":{"@type":"PropertyValueSpecification","valueRequired":true,"valueName":"search_term_string"}}],"inLanguage":"en-US"},{"@type":"Organization","@id":"https:\/\/vtcmarseillevan.fr\/#organization","name":"VTC Marseille Van","url":"https:\/\/vtcmarseillevan.fr\/","logo":{"@type":"ImageObject","inLanguage":"en-US","@id":"https:\/\/vtcmarseillevan.fr\/#\/schema\/logo\/image\/","url":"https:\/\/vtcmarseillevan.fr\/wp-content\/uploads\/2023\/06\/cropped-logo-chauffeur-van-marseille-white.webp","contentUrl":"https:\/\/vtcmarseillevan.fr\/wp-content\/uploads\/2023\/06\/cropped-logo-chauffeur-van-marseille-white.webp","width":500,"height":442,"caption":"VTC Marseille Van"},"image":{"@id":"https:\/\/vtcmarseillevan.fr\/#\/schema\/logo\/image\/"}}]}},"_links":{"self":[{"href":"https:\/\/vtcmarseillevan.fr\/en\/wp-json\/wp\/v2\/pages\/2591","targetHints":{"allow":["GET"]}}],"collection":[{"href":"https:\/\/vtcmarseillevan.fr\/en\/wp-json\/wp\/v2\/pages"}],"about":[{"href":"https:\/\/vtcmarseillevan.fr\/en\/wp-json\/wp\/v2\/types\/page"}],"author":[{"embeddable":true,"href":"https:\/\/vtcmarseillevan.fr\/en\/wp-json\/wp\/v2\/users\/2"}],"replies":[{"embeddable":true,"href":"https:\/\/vtcmarseillevan.fr\/en\/wp-json\/wp\/v2\/comments?post=2591"}],"version-history":[{"count":13,"href":"https:\/\/vtcmarseillevan.fr\/en\/wp-json\/wp\/v2\/pages\/2591\/revisions"}],"predecessor-version":[{"id":4689,"href":"https:\/\/vtcmarseillevan.fr\/en\/wp-json\/wp\/v2\/pages\/2591\/revisions\/4689"}],"wp:attachment":[{"href":"https:\/\/vtcmarseillevan.fr\/en\/wp-json\/wp\/v2\/media?parent=2591"}],"curies":[{"name":"wp","href":"https:\/\/api.w.org\/{rel}","templated":true}]}}